{"id":216,"date":"2018-09-25T14:19:00","date_gmt":"2018-09-25T12:19:00","guid":{"rendered":"https:\/\/properso.ch\/services\/"},"modified":"2019-02-18T14:41:03","modified_gmt":"2019-02-18T13:41:03","slug":"leistungen","status":"publish","type":"page","link":"https:\/\/properso.ch\/de\/leistungen\/","title":{"rendered":"LEISTUNGEN"},"content":{"rendered":"<div id=\"pl-216\"  class=\"panel-layout\" ><div id=\"pg-216-0\"  class=\"panel-grid panel-no-style\" ><div id=\"pgc-216-0-0\"  class=\"panel-grid-cell\" ><div id=\"panel-216-0-0-0\" class=\"so-panel widget widget_sow-editor panel-first-child panel-last-child\" data-index=\"0\" ><div class=\"prestations panel-widget-style panel-widget-style-for-216-0-0-0\" ><div\n\t\t\t\n\t\t\tclass=\"so-widget-sow-editor so-widget-sow-editor-base\"\n\t\t\t\n\t\t><h3 class=\"widget-title\">Leistungen<\/h3>\n<div class=\"siteorigin-widget-tinymce textwidget\">\n\t<p><strong><img decoding=\"async\" loading=\"lazy\" class=\"alignleft size-full wp-image-83 animated pulse duration2 infinite \" src=\"https:\/\/properso.ch\/wp-content\/uploads\/2018\/09\/39641752_s.jpg\" alt=\"\" width=\"75\" height=\"60\" \/>VERSICHERUNGSBERATUNG<\/strong><br \/>\nf\u00fcr die bundes- oder kantonalen administrativen Voraussetzungen in Zusammenhang mit den Schweizer Sozialversicherungen: Krankenversicherung, Unfallversicherungen, Zusatzversicherungen\u2026<\/p>\n<p><strong><img decoding=\"async\" loading=\"lazy\" class=\"alignleft size-full wp-image-83 animated pulse delay1 duration2 infinite \" src=\"https:\/\/properso.ch\/wp-content\/uploads\/2018\/09\/39641752_s.jpg\" alt=\"\" width=\"75\" height=\"60\" \/>LOGISTIK-MANAGEMENT<\/strong><br \/>\nF\u00fcr die Organisation k\u00fcnstlerischer und kultureller Ereignisse.<\/p>\n<p><strong><img decoding=\"async\" loading=\"lazy\" class=\"alignleft size-full wp-image-83 animated pulse delay2 duration2 infinite \" src=\"https:\/\/properso.ch\/wp-content\/uploads\/2018\/09\/39641752_s.jpg\" alt=\"\" width=\"75\" height=\"60\" \/>ADMINISTRATIVE UNTERST\u00dcTZUNG<\/strong><br \/>\nF\u00fcr verschiedene Projekte und T\u00e4tigkeiten: Planung, Budget \u2026<\/p>\n<p><strong><img decoding=\"async\" loading=\"lazy\" class=\"alignleft size-full wp-image-83 animated pulse delay3 duration2 infinite \" src=\"https:\/\/properso.ch\/wp-content\/uploads\/2018\/09\/39641752_s.jpg\" alt=\"\" width=\"75\" height=\"60\" \/>COACHING<\/strong><br \/>\nF\u00fcr die Gr\u00fcndung \/ Verwaltung einer T\u00e4tigkeit als Freelancer.<\/p>\n<\/div>\n<\/div><\/div><\/div><\/div><\/div><\/div>","protected":false},"excerpt":{"rendered":"<p>VERSICHERUNGSBERATUNG f\u00fcr die bundes- oder kantonalen administrativen Voraussetzungen in Zusammenhang mit den Schweizer Sozialversicherungen: Krankenversicherung, Unfallversicherungen, Zusatzversicherungen\u2026 LOGISTIK-MANAGEMENT F\u00fcr die Organisation k\u00fcnstlerischer und kultureller Ereignisse. ADMINISTRATIVE UNTERST\u00dcTZUNG F\u00fcr verschiedene Projekte und T\u00e4tigkeiten: Planung, Budget \u2026 COACHING F\u00fcr die Gr\u00fcndung \/ Verwaltung einer T\u00e4tigkeit als Freelancer.<\/p>\n","protected":false},"author":1,"featured_media":218,"parent":0,"menu_order":0,"comment_status":"closed","ping_status":"closed","template":"","meta":[],"aioseo_notices":[],"_links":{"self":[{"href":"https:\/\/properso.ch\/de\/wp-json\/wp\/v2\/pages\/216"}],"collection":[{"href":"https:\/\/properso.ch\/de\/wp-json\/wp\/v2\/pages"}],"about":[{"href":"https:\/\/properso.ch\/de\/wp-json\/wp\/v2\/types\/page"}],"author":[{"embeddable":true,"href":"https:\/\/properso.ch\/de\/wp-json\/wp\/v2\/users\/1"}],"replies":[{"embeddable":true,"href":"https:\/\/properso.ch\/de\/wp-json\/wp\/v2\/comments?post=216"}],"version-history":[{"count":3,"href":"https:\/\/properso.ch\/de\/wp-json\/wp\/v2\/pages\/216\/revisions"}],"predecessor-version":[{"id":224,"href":"https:\/\/properso.ch\/de\/wp-json\/wp\/v2\/pages\/216\/revisions\/224"}],"wp:featuredmedia":[{"embeddable":true,"href":"https:\/\/properso.ch\/de\/wp-json\/wp\/v2\/media\/218"}],"wp:attachment":[{"href":"https:\/\/properso.ch\/de\/wp-json\/wp\/v2\/media?parent=216"}],"curies":[{"name":"wp","href":"https:\/\/api.w.org\/{rel}","templated":true}]}}