{"id":247,"date":"2018-09-25T14:18:48","date_gmt":"2018-09-25T12:18:48","guid":{"rendered":"https:\/\/properso.ch\/who-am-i\/"},"modified":"2023-12-28T19:12:23","modified_gmt":"2023-12-28T19:12:23","slug":"chi-sono-io","status":"publish","type":"page","link":"https:\/\/properso.ch\/it\/chi-sono-io\/","title":{"rendered":"Chi sono io ?"},"content":{"rendered":"<div id=\"pl-247\"  class=\"panel-layout\" ><div id=\"pg-247-0\"  class=\"panel-grid panel-no-style\" ><div id=\"pgc-247-0-0\"  class=\"panel-grid-cell\" ><div id=\"panel-247-0-0-0\" class=\"so-panel widget widget_sow-editor panel-first-child panel-last-child\" data-index=\"0\" ><div class=\"qui-suis-je panel-widget-style panel-widget-style-for-247-0-0-0\" ><div\n\t\t\t\n\t\t\tclass=\"so-widget-sow-editor so-widget-sow-editor-base\"\n\t\t\t\n\t\t><h3 class=\"widget-title\">Sylvie Boutard<\/h3>\n<div class=\"siteorigin-widget-tinymce textwidget\">\n\t<ul class=\"top-paragraf\">\n<li><strong>Nazionalit\u00e0:<\/strong> Franco-Svizzera<\/li>\n<li><strong>Personalit\u00e0:<\/strong> Dinamica, attenta ed appassionata<\/li>\n<\/ul>\n<h2>Su di me<\/h2>\n<ul>\n<li>Integrazione da pi\u00f9 di 35 anni nel mezzo germanophone.<\/li>\n<li>Quadrilingue : Francese, tedesco, italiano, inglese.<\/li>\n<li>Dialetto zurichese utilizzato correntemente.<\/li>\n<li>Certificata esperta nell\u2019 assicurazione-malattia (1999).<\/li>\n<li>Distinzione di Cavaliere nell'ordine delle Palme Accademiche della Repubblica francese (2009)<\/li>\n<li>Coordinatrice principale dei corsi di Lingua e di Cultura di Origine in francese (corso LCO del cantone di Zurigo).<\/li>\n<li>Collaborazione con la Direzione dell'educazione del cantone di Zurigo  -Dipartimento dell'istruzione pubblica  Pedagogia Interculturelle (Volksschulamt, Interkulturelle P\u00e4dagogik).<\/li>\n<\/ul>\n<\/div>\n<\/div><\/div><\/div><\/div><\/div><\/div>","protected":false},"excerpt":{"rendered":"<p>Nazionalit\u00e0: Franco-Svizzera Personalit\u00e0: Dinamica, attenta ed appassionata Su di me Integrazione da pi\u00f9 di 35 anni nel mezzo germanophone. Quadrilingue : Francese, tedesco, italiano, inglese. Dialetto zurichese utilizzato correntemente. Certificata esperta nell\u2019 assicurazione-malattia (1999). Distinzione di Cavaliere nell&#8217;ordine delle Palme Accademiche della Repubblica francese (2009) Coordinatrice principale dei corsi di Lingua e di Cultura di [&hellip;]<\/p>\n","protected":false},"author":1,"featured_media":362,"parent":0,"menu_order":0,"comment_status":"closed","ping_status":"closed","template":"","meta":[],"aioseo_notices":[],"_links":{"self":[{"href":"https:\/\/properso.ch\/it\/wp-json\/wp\/v2\/pages\/247"}],"collection":[{"href":"https:\/\/properso.ch\/it\/wp-json\/wp\/v2\/pages"}],"about":[{"href":"https:\/\/properso.ch\/it\/wp-json\/wp\/v2\/types\/page"}],"author":[{"embeddable":true,"href":"https:\/\/properso.ch\/it\/wp-json\/wp\/v2\/users\/1"}],"replies":[{"embeddable":true,"href":"https:\/\/properso.ch\/it\/wp-json\/wp\/v2\/comments?post=247"}],"version-history":[{"count":5,"href":"https:\/\/properso.ch\/it\/wp-json\/wp\/v2\/pages\/247\/revisions"}],"predecessor-version":[{"id":375,"href":"https:\/\/properso.ch\/it\/wp-json\/wp\/v2\/pages\/247\/revisions\/375"}],"wp:featuredmedia":[{"embeddable":true,"href":"https:\/\/properso.ch\/it\/wp-json\/wp\/v2\/media\/362"}],"wp:attachment":[{"href":"https:\/\/properso.ch\/it\/wp-json\/wp\/v2\/media?parent=247"}],"curies":[{"name":"wp","href":"https:\/\/api.w.org\/{rel}","templated":true}]}}